{"id":31209,"date":"2021-01-04T16:46:59","date_gmt":"2021-01-04T16:46:59","guid":{"rendered":"https:\/\/arosemenaburbanoyasociados.com\/?page_id=31209"},"modified":"2024-10-16T22:22:57","modified_gmt":"2024-10-16T22:22:57","slug":"perfil-maria-jose-morales","status":"publish","type":"page","link":"https:\/\/arosemenaburbanoyasociados.com\/en\/perfil-maria-jose-morales\/","title":{"rendered":"Perfil &#8211; Mar\u00eda Jos\u00e9 Morales"},"content":{"rendered":"<div class=\"wpb-content-wrapper\"><div id=\"vc_row-69f3c4c7a1fa0\" class=\"vc_row wpb_row vc_row-fluid thegem-custom-69f3c4c7a1f8e8203\"><div class=\"wpb_column vc_column_container vc_col-sm-12 thegem-custom-69f3c4c7a21b42152\" ><div class=\"vc_column-inner thegem-custom-inner-69f3c4c7a21b5\"><div class=\"wpb_wrapper thegem-custom-69f3c4c7a21b42152\">\r\n\t\r\n\t\t<div class=\"wpb_text_column wpb_content_element  thegem-vc-text thegem-custom-69f3c4c7a24071017\"  >\r\n\t\t\t<div class=\"wpb_wrapper\">\r\n\t\t\t\t<h5><\/h5>\n<h5 style=\"text-align: center;\">MAR\u00cdA JOS\u00c9 MORALES<\/h5>\n<p style=\"text-align: center;\"><a href=\"mailto:mjmorales@aba-pi.com\">mjmorales@aba-pi.com<\/a><\/p>\n<p style=\"text-align: justify;\"><img decoding=\"async\" class=\"wp-image-31215 alignleft\" src=\"https:\/\/arosemenaburbanoyasociados.com\/wp-content\/uploads\/2024\/10\/perfil-majosemorales-interno-1-200x300.jpg\" alt=\"\" width=\"300\" height=\"450\" srcset=\"https:\/\/arosemenaburbanoyasociados.com\/wp-content\/uploads\/2024\/10\/perfil-majosemorales-interno-1-200x300.jpg 200w, https:\/\/arosemenaburbanoyasociados.com\/wp-content\/uploads\/2024\/10\/perfil-majosemorales-interno-1-683x1024.jpg 683w, https:\/\/arosemenaburbanoyasociados.com\/wp-content\/uploads\/2024\/10\/perfil-majosemorales-interno-1-768x1152.jpg 768w, https:\/\/arosemenaburbanoyasociados.com\/wp-content\/uploads\/2024\/10\/perfil-majosemorales-interno-1-1024x1536.jpg 1024w, https:\/\/arosemenaburbanoyasociados.com\/wp-content\/uploads\/2024\/10\/perfil-majosemorales-interno-1-1365x2048.jpg 1365w, https:\/\/arosemenaburbanoyasociados.com\/wp-content\/uploads\/2024\/10\/perfil-majosemorales-interno-1-8x12.jpg 8w, https:\/\/arosemenaburbanoyasociados.com\/wp-content\/uploads\/2024\/10\/perfil-majosemorales-interno-1.jpg 1521w\" sizes=\"(max-width: 300px) 100vw, 300px\" \/>Ex Directora Nacional Jur\u00eddica de la Agencia Nacional de Regulaci\u00f3n, Control y Vigilancia Sanitaria &#8211; ARCSA, con amplia experiencia en procesos de regulaci\u00f3n sanitaria, administrativos, constitucionales y contenciosos administrativos, y los procesos para la regularizaci\u00f3n de establecimientos y productos de uso y consumo humano.<\/p>\n<p style=\"text-align: justify;\"><strong>Practice Areas:<\/strong> Derecho Regulatorio<\/p>\n<p style=\"text-align: justify;\"><strong>Languages:<\/strong> Spanish (first language) and English (professional level).<\/p>\n\r\n\t\t\t<\/div>\r\n\t\t\t<style>@media screen and (max-width: 1023px) {.thegem-vc-text.thegem-custom-69f3c4c7a24071017{display: block!important;}}@media screen and (max-width: 767px) {.thegem-vc-text.thegem-custom-69f3c4c7a24071017{display: block!important;}}@media screen and (max-width: 1023px) {.thegem-vc-text.thegem-custom-69f3c4c7a24071017{position: relative !important;}}@media screen and (max-width: 767px) {.thegem-vc-text.thegem-custom-69f3c4c7a24071017{position: relative !important;}}<\/style>\r\n\t\t<\/div>\r\n\t\r\n<\/div><\/div><\/div><\/div>\n<\/div>","protected":false},"excerpt":{"rendered":"","protected":false},"author":1,"featured_media":0,"parent":0,"menu_order":0,"comment_status":"closed","ping_status":"closed","template":"","meta":[],"_links":{"self":[{"href":"https:\/\/arosemenaburbanoyasociados.com\/en\/wp-json\/wp\/v2\/pages\/31209"}],"collection":[{"href":"https:\/\/arosemenaburbanoyasociados.com\/en\/wp-json\/wp\/v2\/pages"}],"about":[{"href":"https:\/\/arosemenaburbanoyasociados.com\/en\/wp-json\/wp\/v2\/types\/page"}],"author":[{"embeddable":true,"href":"https:\/\/arosemenaburbanoyasociados.com\/en\/wp-json\/wp\/v2\/users\/1"}],"replies":[{"embeddable":true,"href":"https:\/\/arosemenaburbanoyasociados.com\/en\/wp-json\/wp\/v2\/comments?post=31209"}],"version-history":[{"count":5,"href":"https:\/\/arosemenaburbanoyasociados.com\/en\/wp-json\/wp\/v2\/pages\/31209\/revisions"}],"predecessor-version":[{"id":31218,"href":"https:\/\/arosemenaburbanoyasociados.com\/en\/wp-json\/wp\/v2\/pages\/31209\/revisions\/31218"}],"wp:attachment":[{"href":"https:\/\/arosemenaburbanoyasociados.com\/en\/wp-json\/wp\/v2\/media?parent=31209"}],"curies":[{"name":"wp","href":"https:\/\/api.w.org\/{rel}","templated":true}]}}