{"id":31105,"date":"2022-10-25T20:56:53","date_gmt":"2022-10-25T20:56:53","guid":{"rendered":"https:\/\/arosemenaburbanoyasociados.com\/?page_id=31105"},"modified":"2023-09-09T17:07:54","modified_gmt":"2023-09-09T17:07:54","slug":"perfil-juan-xavier-giler-mogrovejo","status":"publish","type":"page","link":"https:\/\/arosemenaburbanoyasociados.com\/en\/perfil-juan-xavier-giler-mogrovejo\/","title":{"rendered":"Perfil &#8211; Juan Xavier Giler Mogrovejo"},"content":{"rendered":"<div class=\"wpb-content-wrapper\"><div id=\"vc_row-69f3c4c78a7c1\" class=\"vc_row wpb_row vc_row-fluid thegem-custom-69f3c4c78a7ac4028\"><div class=\"wpb_column vc_column_container vc_col-sm-12 thegem-custom-69f3c4c78aae53080\" ><div class=\"vc_column-inner thegem-custom-inner-69f3c4c78aae7\"><div class=\"wpb_wrapper thegem-custom-69f3c4c78aae53080\">\r\n\t\r\n\t\t<div class=\"wpb_text_column wpb_content_element  thegem-vc-text thegem-custom-69f3c4c78adb03408\"  >\r\n\t\t\t<div class=\"wpb_wrapper\">\r\n\t\t\t\t<h5 style=\"text-align: center;\">Juan Xavier Giler Mogrovejo<\/h5>\n<p style=\"text-align: center;\"><a href=\"mailto:jxgiler@aba-pi.com\">jxgiler@aba-pi.com<\/a><\/p>\n<h5 style=\"text-align: center;\"><img decoding=\"async\" class=\"wp-image-31157 size-medium alignleft\" src=\"https:\/\/arosemenaburbanoyasociados.com\/wp-content\/uploads\/2022\/10\/fotoperfil_interno_juanxaviergiler_v02-205x300.png\" alt=\"\" width=\"205\" height=\"300\" srcset=\"https:\/\/arosemenaburbanoyasociados.com\/wp-content\/uploads\/2022\/10\/fotoperfil_interno_juanxaviergiler_v02-205x300.png 205w, https:\/\/arosemenaburbanoyasociados.com\/wp-content\/uploads\/2022\/10\/fotoperfil_interno_juanxaviergiler_v02-8x12.png 8w, https:\/\/arosemenaburbanoyasociados.com\/wp-content\/uploads\/2022\/10\/fotoperfil_interno_juanxaviergiler_v02.png 300w\" sizes=\"(max-width: 205px) 100vw, 205px\" \/><\/h5>\n<p>El Director de nuestra Divisi\u00f3n Societaria es abogado experto en Derecho Corporativo, especializado en Derecho de Sociedades, asuntos corporativos y contractuales. Juan Xavier asesora a diversas compa\u00f1\u00edas en cumplimiento normativo, transacciones relevantes y Derecho Mercantil, en el que asesora a compa\u00f1\u00edas de seguros e intermediarios de reaseguro nacionales e internacionales.<\/p>\n<p>Cuenta con un m\u00e1ster en Derecho de la Empresa por la Universidad de Especialidades Esp\u00edritu Santo. Actualmente es profesor titular en la Universidad Internacional\u00a0del\u00a0Ecuador.<\/p>\n<p><strong>Practice Areas:<\/strong> Corporate Law, Commercial Law, Corporate Governance, Insurance Law.<\/p>\n<p><strong>Languages:<\/strong> Spanish (first language) and English (legal-professional level).<\/p>\n<p><strong>Memberships:<\/strong> Forum of Lawyers of the Council of the Judiciary \u2013 Ecuador.<\/p>\n\r\n\t\t\t<\/div>\r\n\t\t\t<style>@media screen and (max-width: 1023px) {.thegem-vc-text.thegem-custom-69f3c4c78adb03408{display: block!important;}}@media screen and (max-width: 767px) {.thegem-vc-text.thegem-custom-69f3c4c78adb03408{display: block!important;}}@media screen and (max-width: 1023px) {.thegem-vc-text.thegem-custom-69f3c4c78adb03408{position: relative !important;}}@media screen and (max-width: 767px) {.thegem-vc-text.thegem-custom-69f3c4c78adb03408{position: relative !important;}}<\/style>\r\n\t\t<\/div>\r\n\t\r\n<\/div><\/div><\/div><\/div>\n<\/div>","protected":false},"excerpt":{"rendered":"","protected":false},"author":1,"featured_media":0,"parent":0,"menu_order":6,"comment_status":"closed","ping_status":"closed","template":"","meta":[],"_links":{"self":[{"href":"https:\/\/arosemenaburbanoyasociados.com\/en\/wp-json\/wp\/v2\/pages\/31105"}],"collection":[{"href":"https:\/\/arosemenaburbanoyasociados.com\/en\/wp-json\/wp\/v2\/pages"}],"about":[{"href":"https:\/\/arosemenaburbanoyasociados.com\/en\/wp-json\/wp\/v2\/types\/page"}],"author":[{"embeddable":true,"href":"https:\/\/arosemenaburbanoyasociados.com\/en\/wp-json\/wp\/v2\/users\/1"}],"replies":[{"embeddable":true,"href":"https:\/\/arosemenaburbanoyasociados.com\/en\/wp-json\/wp\/v2\/comments?post=31105"}],"version-history":[{"count":8,"href":"https:\/\/arosemenaburbanoyasociados.com\/en\/wp-json\/wp\/v2\/pages\/31105\/revisions"}],"predecessor-version":[{"id":31163,"href":"https:\/\/arosemenaburbanoyasociados.com\/en\/wp-json\/wp\/v2\/pages\/31105\/revisions\/31163"}],"wp:attachment":[{"href":"https:\/\/arosemenaburbanoyasociados.com\/en\/wp-json\/wp\/v2\/media?parent=31105"}],"curies":[{"name":"wp","href":"https:\/\/api.w.org\/{rel}","templated":true}]}}