{"id":30953,"date":"2021-03-29T16:22:50","date_gmt":"2021-03-29T16:22:50","guid":{"rendered":"https:\/\/arosemenaburbanoyasociados.com\/?page_id=30953"},"modified":"2021-07-22T15:36:45","modified_gmt":"2021-07-22T15:36:45","slug":"competencia-desleal","status":"publish","type":"page","link":"https:\/\/arosemenaburbanoyasociados.com\/en\/competencia-desleal\/","title":{"rendered":"Unfair Competition"},"content":{"rendered":"<div class=\"wpb-content-wrapper\"><div id=\"vc_row-69f3c4e512237\" class=\"vc_row wpb_row vc_row-fluid thegem-custom-69f3c4e51222c6543\"><div class=\"wpb_column vc_column_container vc_col-sm-12 thegem-custom-69f3c4e5124361107\" ><div class=\"vc_column-inner thegem-custom-inner-69f3c4e512437\"><div class=\"wpb_wrapper thegem-custom-69f3c4e5124361107\"><div class=\"vc_empty_space\"   style=\"height: 32px\"><span class=\"vc_empty_space_inner\"><\/span><\/div><\/div><\/div><\/div><\/div><div id=\"vc_row-69f3c4e5127e3\" class=\"vc_row wpb_row vc_row-fluid thegem-custom-69f3c4e5127db4828\"><div class=\"wpb_column vc_column_container vc_col-sm-12 thegem-custom-69f3c4e5129619167\" ><div class=\"vc_column-inner thegem-custom-inner-69f3c4e512962\"><div class=\"wpb_wrapper thegem-custom-69f3c4e5129619167\">\r\n\t\r\n\t\t<div class=\"wpb_text_column wpb_content_element  thegem-vc-text thegem-custom-69f3c4e512add2835\"  >\r\n\t\t\t<div class=\"wpb_wrapper\">\r\n\t\t\t\t<h3 style=\"text-align: center;\">Unfair Competition<\/h3>\n\r\n\t\t\t<\/div>\r\n\t\t\t<style>@media screen and (max-width: 1023px) {.thegem-vc-text.thegem-custom-69f3c4e512add2835{display: block!important;}}@media screen and (max-width: 767px) {.thegem-vc-text.thegem-custom-69f3c4e512add2835{display: block!important;}}@media screen and (max-width: 1023px) {.thegem-vc-text.thegem-custom-69f3c4e512add2835{position: relative !important;}}@media screen and (max-width: 767px) {.thegem-vc-text.thegem-custom-69f3c4e512add2835{position: relative !important;}}<\/style>\r\n\t\t<\/div>\r\n\t\r\n<\/div><\/div><\/div><\/div><div id=\"vc_row-69f3c4e512cc4\" class=\"vc_row wpb_row vc_row-fluid thegem-custom-69f3c4e512cbd7893\"><div class=\"wpb_column vc_column_container vc_col-sm-6 thegem-custom-69f3c4e512e375201\" ><div class=\"vc_column-inner thegem-custom-inner-69f3c4e512e38\"><div class=\"wpb_wrapper thegem-custom-69f3c4e512e375201\">\r\n\t\r\n\t<div  class=\"wpb_single_image wpb_content_element vc_align_left  wpb_animate_when_almost_visible wpb_fadeIn fadeIn\" >\r\n\t\t\r\n\t\t<figure class=\"wpb_wrapper vc_figure\">\r\n\t\t\t<div class=\"vc_single_image-wrapper   vc_box_border_grey\"><img width=\"640\" height=\"480\" src=\"https:\/\/arosemenaburbanoyasociados.com\/wp-content\/uploads\/2021\/07\/competenciadesleal.jpg\" class=\"vc_single_image-img attachment-large\" alt=\"\" decoding=\"async\" title=\"competenciadesleal\" srcset=\"https:\/\/arosemenaburbanoyasociados.com\/wp-content\/uploads\/2021\/07\/competenciadesleal.jpg 640w, https:\/\/arosemenaburbanoyasociados.com\/wp-content\/uploads\/2021\/07\/competenciadesleal-300x225.jpg 300w, https:\/\/arosemenaburbanoyasociados.com\/wp-content\/uploads\/2021\/07\/competenciadesleal-16x12.jpg 16w\" sizes=\"(max-width: 640px) 100vw, 640px\" \/><\/div>\r\n\t\t<\/figure>\r\n\t<\/div>\r\n\t\r\n<\/div><\/div><\/div><div class=\"wpb_column vc_column_container vc_col-sm-6 thegem-custom-69f3c4e513e635768\" ><div class=\"vc_column-inner thegem-custom-inner-69f3c4e513e65\"><div class=\"wpb_wrapper thegem-custom-69f3c4e513e635768\">\r\n\t\r\n\t\t<div class=\"wpb_text_column wpb_content_element  thegem-vc-text thegem-custom-69f3c4e513fba5131\"  >\r\n\t\t\t<div class=\"wpb_wrapper\">\r\n\t\t\t\t<p style=\"text-align: justify;\">Asesoramos a empresas en la presentaci\u00f3n de acciones legales administrativas y judiciales por Competencia Desleal o en la defensa contra demandas injustificadas, tanto de inter\u00e9s particular como de inter\u00e9s general.<\/p>\n<p style=\"text-align: justify;\">Para m\u00e1s informaci\u00f3n sobre nuestros servicios en casos de Competencia Deseal escr\u00edbenos al chat o al correo:\u00a0 <a href=\"mailto:consultas@propiedadintelectual.com.ec\">consultas@propiedadintelectual.com.ec<\/a><\/p>\n\r\n\t\t\t<\/div>\r\n\t\t\t<style>@media screen and (max-width: 1023px) {.thegem-vc-text.thegem-custom-69f3c4e513fba5131{display: block!important;}}@media screen and (max-width: 767px) {.thegem-vc-text.thegem-custom-69f3c4e513fba5131{display: block!important;}}@media screen and (max-width: 1023px) {.thegem-vc-text.thegem-custom-69f3c4e513fba5131{position: relative !important;}}@media screen and (max-width: 767px) {.thegem-vc-text.thegem-custom-69f3c4e513fba5131{position: relative !important;}}<\/style>\r\n\t\t<\/div>\r\n\t\r\n<\/div><\/div><\/div><\/div><div id=\"vc_row-69f3c4e5141d4\" class=\"vc_row wpb_row vc_row-fluid thegem-custom-69f3c4e5141cc5780\"><div class=\"wpb_column vc_column_container vc_col-sm-12 thegem-custom-69f3c4e51432b1666\" ><div class=\"vc_column-inner thegem-custom-inner-69f3c4e51432c\"><div class=\"wpb_wrapper thegem-custom-69f3c4e51432b1666\">\r\n\t\r\n\t\t<div class=\"wpb_text_column wpb_content_element  thegem-vc-text thegem-custom-69f3c4e5144498998\"  >\r\n\t\t\t<div class=\"wpb_wrapper\">\r\n\t\t\t\t\r\n\t\t\t<\/div>\r\n\t\t\t<style>@media screen and (max-width: 1023px) {.thegem-vc-text.thegem-custom-69f3c4e5144498998{display: block!important;}}@media screen and (max-width: 767px) {.thegem-vc-text.thegem-custom-69f3c4e5144498998{display: block!important;}}@media screen and (max-width: 1023px) {.thegem-vc-text.thegem-custom-69f3c4e5144498998{position: relative !important;}}@media screen and (max-width: 767px) {.thegem-vc-text.thegem-custom-69f3c4e5144498998{position: relative !important;}}<\/style>\r\n\t\t<\/div>\r\n\t\r\n<\/div><\/div><\/div><\/div><\/div>","protected":false},"excerpt":{"rendered":"","protected":false},"author":1,"featured_media":30996,"parent":0,"menu_order":0,"comment_status":"closed","ping_status":"closed","template":"","meta":[],"_links":{"self":[{"href":"https:\/\/arosemenaburbanoyasociados.com\/en\/wp-json\/wp\/v2\/pages\/30953"}],"collection":[{"href":"https:\/\/arosemenaburbanoyasociados.com\/en\/wp-json\/wp\/v2\/pages"}],"about":[{"href":"https:\/\/arosemenaburbanoyasociados.com\/en\/wp-json\/wp\/v2\/types\/page"}],"author":[{"embeddable":true,"href":"https:\/\/arosemenaburbanoyasociados.com\/en\/wp-json\/wp\/v2\/users\/1"}],"replies":[{"embeddable":true,"href":"https:\/\/arosemenaburbanoyasociados.com\/en\/wp-json\/wp\/v2\/comments?post=30953"}],"version-history":[{"count":9,"href":"https:\/\/arosemenaburbanoyasociados.com\/en\/wp-json\/wp\/v2\/pages\/30953\/revisions"}],"predecessor-version":[{"id":31001,"href":"https:\/\/arosemenaburbanoyasociados.com\/en\/wp-json\/wp\/v2\/pages\/30953\/revisions\/31001"}],"wp:featuredmedia":[{"embeddable":true,"href":"https:\/\/arosemenaburbanoyasociados.com\/en\/wp-json\/wp\/v2\/media\/30996"}],"wp:attachment":[{"href":"https:\/\/arosemenaburbanoyasociados.com\/en\/wp-json\/wp\/v2\/media?parent=30953"}],"curies":[{"name":"wp","href":"https:\/\/api.w.org\/{rel}","templated":true}]}}