{"id":30950,"date":"2021-03-26T16:14:10","date_gmt":"2021-03-26T16:14:10","guid":{"rendered":"https:\/\/arosemenaburbanoyasociados.com\/?page_id=30950"},"modified":"2021-07-22T15:34:56","modified_gmt":"2021-07-22T15:34:56","slug":"libre-competencia","status":"publish","type":"page","link":"https:\/\/arosemenaburbanoyasociados.com\/en\/libre-competencia\/","title":{"rendered":"Antitrust"},"content":{"rendered":"<div class=\"wpb-content-wrapper\"><div id=\"vc_row-69f3b122c2893\" class=\"vc_row wpb_row vc_row-fluid thegem-custom-69f3b122c28867546\"><div class=\"wpb_column vc_column_container vc_col-sm-12 thegem-custom-69f3b122c2a95728\" ><div class=\"vc_column-inner thegem-custom-inner-69f3b122c2a96\"><div class=\"wpb_wrapper thegem-custom-69f3b122c2a95728\"><div class=\"vc_empty_space\"   style=\"height: 32px\"><span class=\"vc_empty_space_inner\"><\/span><\/div><\/div><\/div><\/div><div class=\"wpb_column vc_column_container vc_col-sm-12 thegem-custom-69f3b122c2ed85488\" ><div class=\"vc_column-inner thegem-custom-inner-69f3b122c2ed9\"><div class=\"wpb_wrapper thegem-custom-69f3b122c2ed85488\">\r\n\t\r\n\t\t<div class=\"wpb_text_column wpb_content_element  thegem-vc-text thegem-custom-69f3b122c30475255\"  >\r\n\t\t\t<div class=\"wpb_wrapper\">\r\n\t\t\t\t<h3 style=\"text-align: center;\">Antitrust<\/h3>\n\r\n\t\t\t<\/div>\r\n\t\t\t<style>@media screen and (max-width: 1023px) {.thegem-vc-text.thegem-custom-69f3b122c30475255{display: block!important;}}@media screen and (max-width: 767px) {.thegem-vc-text.thegem-custom-69f3b122c30475255{display: block!important;}}@media screen and (max-width: 1023px) {.thegem-vc-text.thegem-custom-69f3b122c30475255{position: relative !important;}}@media screen and (max-width: 767px) {.thegem-vc-text.thegem-custom-69f3b122c30475255{position: relative !important;}}<\/style>\r\n\t\t<\/div>\r\n\t\r\n<\/div><\/div><\/div><\/div><div id=\"vc_row-69f3b122c3458\" class=\"vc_row wpb_row vc_row-fluid thegem-custom-69f3b122c344c3515\"><div class=\"wpb_column vc_column_container vc_col-sm-6 thegem-custom-69f3b122c35e37872\" ><div class=\"vc_column-inner thegem-custom-inner-69f3b122c35e4\"><div class=\"wpb_wrapper thegem-custom-69f3b122c35e37872\">\r\n\t\r\n\t<div  class=\"wpb_single_image wpb_content_element vc_align_left  wpb_animate_when_almost_visible wpb_fadeIn fadeIn\" >\r\n\t\t\r\n\t\t<figure class=\"wpb_wrapper vc_figure\">\r\n\t\t\t<div class=\"vc_single_image-wrapper   vc_box_border_grey\"><img width=\"640\" height=\"480\" src=\"https:\/\/arosemenaburbanoyasociados.com\/wp-content\/uploads\/2021\/07\/librecompetencia.jpg\" class=\"vc_single_image-img attachment-large\" alt=\"\" decoding=\"async\" title=\"librecompetencia\" srcset=\"https:\/\/arosemenaburbanoyasociados.com\/wp-content\/uploads\/2021\/07\/librecompetencia.jpg 640w, https:\/\/arosemenaburbanoyasociados.com\/wp-content\/uploads\/2021\/07\/librecompetencia-300x225.jpg 300w, https:\/\/arosemenaburbanoyasociados.com\/wp-content\/uploads\/2021\/07\/librecompetencia-16x12.jpg 16w\" sizes=\"(max-width: 640px) 100vw, 640px\" \/><\/div>\r\n\t\t<\/figure>\r\n\t<\/div>\r\n\t\r\n<\/div><\/div><\/div><div class=\"wpb_column vc_column_container vc_col-sm-6 thegem-custom-69f3b122c3cdd5530\" ><div class=\"vc_column-inner thegem-custom-inner-69f3b122c3cdf\"><div class=\"wpb_wrapper thegem-custom-69f3b122c3cdd5530\">\r\n\t\r\n\t\t<div class=\"wpb_text_column wpb_content_element  thegem-vc-text thegem-custom-69f3b122c3e143421\"  >\r\n\t\t\t<div class=\"wpb_wrapper\">\r\n\t\t\t\t<p style=\"text-align: justify;\">Asesoramos a empresas en la presentaci\u00f3n de denuncias por conductas anti-competitivas y tambi\u00e9n en procesos por acuerdos y pr\u00e1cticas restrictivas, carteles, abuso de poder de mercado, entre otros. Brindamos asesor\u00eda en adquisiciones o fusiones de empresas que puedan connotar una afectaci\u00f3n en el mercado y en consecuencia requieran de la autorizaci\u00f3n previa de la autoridad. Adem\u00e1s mediante nuestro servicio de an\u00e1lisis de dominancia el cliente podr\u00e1 conocer de su posici\u00f3n de mercado y de esta manera evitar pr\u00e1cticas de abuso que puedan llevar a una denuncia o por la autoridad.\u00a0Tambi\u00e9n desarrollamos programas de compliance a la medida del cliente tomando en consideraci\u00f3n el tipo de industria.<\/p>\n<p style=\"text-align: justify;\">Para m\u00e1s informaci\u00f3n sobre nuestros servicios de Libre Competencia escr\u00edbenos al chat o al correo:\u00a0 <a href=\"mailto:consultas@propiedadintelectual.com.ec\">consultas@propiedadintelectual.com.ec<\/a><\/p>\n\r\n\t\t\t<\/div>\r\n\t\t\t<style>@media screen and (max-width: 1023px) {.thegem-vc-text.thegem-custom-69f3b122c3e143421{display: block!important;}}@media screen and (max-width: 767px) {.thegem-vc-text.thegem-custom-69f3b122c3e143421{display: block!important;}}@media screen and (max-width: 1023px) {.thegem-vc-text.thegem-custom-69f3b122c3e143421{position: relative !important;}}@media screen and (max-width: 767px) {.thegem-vc-text.thegem-custom-69f3b122c3e143421{position: relative !important;}}<\/style>\r\n\t\t<\/div>\r\n\t\r\n<\/div><\/div><\/div><\/div><div id=\"vc_row-69f3b122c4058\" class=\"vc_row wpb_row vc_row-fluid thegem-custom-69f3b122c40507\"><div class=\"wpb_column vc_column_container vc_col-sm-12 thegem-custom-69f3b122c41b28667\" ><div class=\"vc_column-inner thegem-custom-inner-69f3b122c41b3\"><div class=\"wpb_wrapper thegem-custom-69f3b122c41b28667\">\r\n\t\r\n\t\t<div class=\"wpb_text_column wpb_content_element  thegem-vc-text thegem-custom-69f3b122c42c54934\"  >\r\n\t\t\t<div class=\"wpb_wrapper\">\r\n\t\t\t\t\r\n\t\t\t<\/div>\r\n\t\t\t<style>@media screen and (max-width: 1023px) {.thegem-vc-text.thegem-custom-69f3b122c42c54934{display: block!important;}}@media screen and (max-width: 767px) {.thegem-vc-text.thegem-custom-69f3b122c42c54934{display: block!important;}}@media screen and (max-width: 1023px) {.thegem-vc-text.thegem-custom-69f3b122c42c54934{position: relative !important;}}@media screen and (max-width: 767px) {.thegem-vc-text.thegem-custom-69f3b122c42c54934{position: relative !important;}}<\/style>\r\n\t\t<\/div>\r\n\t\r\n<\/div><\/div><\/div><\/div><div id=\"vc_row-69f3b122c446f\" class=\"vc_row wpb_row vc_row-fluid thegem-custom-69f3b122c44698811\"><div class=\"wpb_column vc_column_container vc_col-sm-12 thegem-custom-69f3b122c45b58480\" ><div class=\"vc_column-inner thegem-custom-inner-69f3b122c45b6\"><div class=\"wpb_wrapper thegem-custom-69f3b122c45b58480\">\r\n\t\r\n\t\t<div class=\"wpb_text_column wpb_content_element  thegem-vc-text thegem-custom-69f3b122c46ba1381\"  >\r\n\t\t\t<div class=\"wpb_wrapper\">\r\n\t\t\t\t\r\n\t\t\t<\/div>\r\n\t\t\t<style>@media screen and (max-width: 1023px) {.thegem-vc-text.thegem-custom-69f3b122c46ba1381{display: block!important;}}@media screen and (max-width: 767px) {.thegem-vc-text.thegem-custom-69f3b122c46ba1381{display: block!important;}}@media screen and (max-width: 1023px) {.thegem-vc-text.thegem-custom-69f3b122c46ba1381{position: relative !important;}}@media screen and (max-width: 767px) {.thegem-vc-text.thegem-custom-69f3b122c46ba1381{position: relative !important;}}<\/style>\r\n\t\t<\/div>\r\n\t\r\n<\/div><\/div><\/div><\/div><div id=\"vc_row-69f3b122c485f\" class=\"vc_row wpb_row vc_row-fluid thegem-custom-69f3b122c48599644\"><div class=\"wpb_column vc_column_container vc_col-sm-12 thegem-custom-69f3b122c49ac8714\" ><div class=\"vc_column-inner thegem-custom-inner-69f3b122c49ad\"><div class=\"wpb_wrapper thegem-custom-69f3b122c49ac8714\">\r\n\t\r\n\t\t<div class=\"wpb_text_column wpb_content_element  thegem-vc-text thegem-custom-69f3b122c4ab54736\"  >\r\n\t\t\t<div class=\"wpb_wrapper\">\r\n\t\t\t\t<p><!-- \/wp:paragraph --><\/p>\n\r\n\t\t\t<\/div>\r\n\t\t\t<style>@media screen and (max-width: 1023px) {.thegem-vc-text.thegem-custom-69f3b122c4ab54736{display: block!important;}}@media screen and (max-width: 767px) {.thegem-vc-text.thegem-custom-69f3b122c4ab54736{display: block!important;}}@media screen and (max-width: 1023px) {.thegem-vc-text.thegem-custom-69f3b122c4ab54736{position: relative !important;}}@media screen and (max-width: 767px) {.thegem-vc-text.thegem-custom-69f3b122c4ab54736{position: relative !important;}}<\/style>\r\n\t\t<\/div>\r\n\t\r\n<\/div><\/div><\/div><\/div><\/div>","protected":false},"excerpt":{"rendered":"","protected":false},"author":1,"featured_media":0,"parent":0,"menu_order":0,"comment_status":"closed","ping_status":"closed","template":"","meta":[],"_links":{"self":[{"href":"https:\/\/arosemenaburbanoyasociados.com\/en\/wp-json\/wp\/v2\/pages\/30950"}],"collection":[{"href":"https:\/\/arosemenaburbanoyasociados.com\/en\/wp-json\/wp\/v2\/pages"}],"about":[{"href":"https:\/\/arosemenaburbanoyasociados.com\/en\/wp-json\/wp\/v2\/types\/page"}],"author":[{"embeddable":true,"href":"https:\/\/arosemenaburbanoyasociados.com\/en\/wp-json\/wp\/v2\/users\/1"}],"replies":[{"embeddable":true,"href":"https:\/\/arosemenaburbanoyasociados.com\/en\/wp-json\/wp\/v2\/comments?post=30950"}],"version-history":[{"count":8,"href":"https:\/\/arosemenaburbanoyasociados.com\/en\/wp-json\/wp\/v2\/pages\/30950\/revisions"}],"predecessor-version":[{"id":31002,"href":"https:\/\/arosemenaburbanoyasociados.com\/en\/wp-json\/wp\/v2\/pages\/30950\/revisions\/31002"}],"wp:attachment":[{"href":"https:\/\/arosemenaburbanoyasociados.com\/en\/wp-json\/wp\/v2\/media?parent=30950"}],"curies":[{"name":"wp","href":"https:\/\/api.w.org\/{rel}","templated":true}]}}