{"id":30875,"date":"2020-10-02T22:48:53","date_gmt":"2020-10-02T22:48:53","guid":{"rendered":"https:\/\/arosemenaburbanoyasociados.com\/?page_id=30875"},"modified":"2020-10-02T22:48:53","modified_gmt":"2020-10-02T22:48:53","slug":"perfil-perito-washington-macias-rendon","status":"publish","type":"page","link":"https:\/\/arosemenaburbanoyasociados.com\/en\/perfil-perito-washington-macias-rendon\/","title":{"rendered":"Perfil &#8211; Perito Washington Mac\u00edas Rend\u00f3n"},"content":{"rendered":"<p>&nbsp;<\/p>\n<p><img decoding=\"async\" class=\"alignleft wp-image-30864 size-medium\" src=\"https:\/\/arosemenaburbanoyasociados.com\/wp-content\/uploads\/2020\/10\/washington-macias-small-300x300.jpg\" alt=\"\" width=\"300\" height=\"300\" srcset=\"https:\/\/arosemenaburbanoyasociados.com\/wp-content\/uploads\/2020\/10\/washington-macias-small-300x300.jpg 300w, https:\/\/arosemenaburbanoyasociados.com\/wp-content\/uploads\/2020\/10\/washington-macias-small-150x150.jpg 150w, https:\/\/arosemenaburbanoyasociados.com\/wp-content\/uploads\/2020\/10\/washington-macias-small-256x256.jpg 256w, https:\/\/arosemenaburbanoyasociados.com\/wp-content\/uploads\/2020\/10\/washington-macias-small.jpg 450w\" sizes=\"(max-width: 300px) 100vw, 300px\" \/><strong>Washington Mac\u00edas Rend\u00f3n<\/strong><\/p>\n<p>Ph.D. en Direcci\u00f3n de Empresas de la Universidad Carlos III de Madrid. Master en Ciencias de la Administraci\u00f3n de ESAN. M\u00e1ster en Finanzas de la Universidad de Chile, M\u00e1ster en Investigaci\u00f3n de Mercados de la ESPOL.<\/p>\n<p>Experiencia profesional en valoraci\u00f3n de marcas, evaluaci\u00f3n de proyectos, valoraci\u00f3n de empresas, planes de negocios, negocios fiduciarios, an\u00e1lisis financiero. Responsable de la administraci\u00f3n de inversiones del Fondo Complementario de Jubilaci\u00f3n de la ESPOL, entre el 2012 y 2015, calificado por la Superintendencia de Bancos. Ha participado en equipos consultores para Programa ZUMAR (Municipio de Guayaquil), Ministerio Coordinador de la Pol\u00edtica Econ\u00f3mica, Superintendencia de Telecomunicaciones, Proyecto Coca Codo Sinclair. Perito valuador calificado por la Superintendencia de Compa\u00f1\u00edas y Valores del Ecuador (2016).<\/p>\n<p>Amplia experiencia docente a nivel grado, postgrado y formaci\u00f3n ejecutiva en ESPOL, UG, UEES, UPS y ESAN (Per\u00fa) sobre cursos de Valoraci\u00f3n de Marcas, Valoraci\u00f3n de Empresas, Finanzas Corporativas, Evaluaci\u00f3n de Proyectos, Mercado de Valores, Derivados Financieros, Presupuestos, Investigaci\u00f3n de Mercados, entre otros<\/p>\n<p>Ha participado en varias publicaciones acad\u00e9micas relacionadas a valoraci\u00f3n de marcas, diluci\u00f3n,\u00a0 evaluaci\u00f3n de proyectos,\u00a0 entre otros.<\/p>\n<p>Forma parte del equipo de valoraci\u00f3n de intangibles de Arosemena Burbano &amp; Asociados desde el a\u00f1o 2018.<\/p>\n<p><strong>Areas de pr\u00e1ctica:<\/strong>\u00a0 Valoraci\u00f3n de Marcas, Valoraci\u00f3n de Empresas, Evaluaci\u00f3n de Proyectos, Planes de Negocios.<\/p>\n<p><strong>Languages:<\/strong>\u00a0Espa\u00f1ol e ingl\u00e9s.<\/p>","protected":false},"excerpt":{"rendered":"<p>&nbsp; Washington Mac\u00edas Rend\u00f3n Ph.D. en Direcci\u00f3n de Empresas de la Universidad Carlos III de Madrid. Master en Ciencias de&#8230;<\/p>","protected":false},"author":1,"featured_media":0,"parent":0,"menu_order":0,"comment_status":"closed","ping_status":"closed","template":"","meta":[],"_links":{"self":[{"href":"https:\/\/arosemenaburbanoyasociados.com\/en\/wp-json\/wp\/v2\/pages\/30875"}],"collection":[{"href":"https:\/\/arosemenaburbanoyasociados.com\/en\/wp-json\/wp\/v2\/pages"}],"about":[{"href":"https:\/\/arosemenaburbanoyasociados.com\/en\/wp-json\/wp\/v2\/types\/page"}],"author":[{"embeddable":true,"href":"https:\/\/arosemenaburbanoyasociados.com\/en\/wp-json\/wp\/v2\/users\/1"}],"replies":[{"embeddable":true,"href":"https:\/\/arosemenaburbanoyasociados.com\/en\/wp-json\/wp\/v2\/comments?post=30875"}],"version-history":[{"count":1,"href":"https:\/\/arosemenaburbanoyasociados.com\/en\/wp-json\/wp\/v2\/pages\/30875\/revisions"}],"predecessor-version":[{"id":30876,"href":"https:\/\/arosemenaburbanoyasociados.com\/en\/wp-json\/wp\/v2\/pages\/30875\/revisions\/30876"}],"wp:attachment":[{"href":"https:\/\/arosemenaburbanoyasociados.com\/en\/wp-json\/wp\/v2\/media?parent=30875"}],"curies":[{"name":"wp","href":"https:\/\/api.w.org\/{rel}","templated":true}]}}