{"id":30873,"date":"2020-10-02T22:44:22","date_gmt":"2020-10-02T22:44:22","guid":{"rendered":"https:\/\/arosemenaburbanoyasociados.com\/?page_id=30873"},"modified":"2020-10-03T14:04:00","modified_gmt":"2020-10-03T14:04:00","slug":"perfil-perito-katia-rodriguez-morales","status":"publish","type":"page","link":"https:\/\/arosemenaburbanoyasociados.com\/en\/perfil-perito-katia-rodriguez-morales\/","title":{"rendered":"Perfil &#8211; Perito Katia Rodr\u00edguez Morales"},"content":{"rendered":"<div class=\"wpb-content-wrapper\"><div id=\"vc_row-69fb1cce73850\" class=\"vc_row wpb_row vc_row-fluid thegem-custom-69fb1cce738282847\"><div class=\"wpb_column vc_column_container vc_col-sm-12 thegem-custom-69fb1cce741a04763\" ><div class=\"vc_column-inner thegem-custom-inner-69fb1cce741a3\"><div class=\"wpb_wrapper thegem-custom-69fb1cce741a04763\">\r\n\t\r\n\t\t<div class=\"wpb_text_column wpb_content_element  thegem-vc-text thegem-custom-69fb1cce74b3c3766\"  >\r\n\t\t\t<div class=\"wpb_wrapper\">\r\n\t\t\t\t<p>&nbsp;<\/p>\n<p><img decoding=\"async\" class=\"alignleft wp-image-30869\" src=\"https:\/\/arosemenaburbanoyasociados.com\/wp-content\/uploads\/2020\/10\/foto-KR-small-300x300.jpg\" alt=\"\" width=\"336\" height=\"336\" srcset=\"https:\/\/arosemenaburbanoyasociados.com\/wp-content\/uploads\/2020\/10\/foto-KR-small-300x300.jpg 300w, https:\/\/arosemenaburbanoyasociados.com\/wp-content\/uploads\/2020\/10\/foto-KR-small-150x150.jpg 150w, https:\/\/arosemenaburbanoyasociados.com\/wp-content\/uploads\/2020\/10\/foto-KR-small-256x256.jpg 256w, https:\/\/arosemenaburbanoyasociados.com\/wp-content\/uploads\/2020\/10\/foto-KR-small.jpg 450w\" sizes=\"(max-width: 336px) 100vw, 336px\" \/><strong>Katia Rodr\u00edguez Morales<\/strong><\/p>\n<p>Ph.D. en Administraci\u00f3n de empresas de Newport University, mag\u00edster en Finanzas de la Universidad de Chile y Economista de la Escuela Superior Polit\u00e9cnica del Litoral (ESPOL). Ha tomado diversos cursos sobre Negocios Internacionales, Finanzas Internacionales, entre otros en Georgetown University, INCAE,\u00a0 University of California at Los Angeles (UCLA), Shanghai Jiao Tong University y la Universidad ICESI.<\/p>\n<p>Fue Subdirectora Nacional de Proyectos Especiales en la Superintendencia de Bancos (2011), Jefa Provincial de Presupuesto, Contabilidad y Tesorer\u00eda del IESS (2008 &#8211; 2009), Directora Acad\u00e9mica de Posgrados en la UEES (2009-2011) y Coordinadora General del Postgrado de la Facultad de Ciencias Sociales en la ESPOL (2013 \u2013 actualidad).<\/p>\n<p>Cuenta con amplia experiencia en consultor\u00edas relacionadas a Valoraci\u00f3n de marcas, Valoraci\u00f3n de empresas, Evaluaci\u00f3n de proyectos, entre otros. Perito valuador calificado por la Superintendencia de Compa\u00f1\u00edas y Valores del Ecuador.<\/p>\n<p>Experiencia docente desde el 2003 a nivel de grado, postgrado y formaci\u00f3n ejecutiva en Finanzas, Proyectos, Emprendimiento, Educaci\u00f3n Superior entre otros en ESPOL, UEES, UCSG.<\/p>\n<p>Ha participado en varias publicaciones acad\u00e9micas relacionadas a valoraci\u00f3n de marcas, evaluaci\u00f3n de proyectos, falsificaciones, entre otros.<\/p>\n<p>Es Chair del Track de Econom\u00eda, Finanzas y Contabilidad del Consejo Latinoamericano de Escuelas de Administraci\u00f3n de Empresas (CLADEA) para el a\u00f1o 2020.<\/p>\n<p>Forma parte del equipo de valoraci\u00f3n de intangibles de Arosemena Burbano &amp; Asociados desde el a\u00f1o 2018.<\/p>\n<p>&nbsp;<\/p>\n<p><strong>Areas de pr\u00e1ctica:<\/strong> \u00a0Valoraci\u00f3n de Marcas, Valoraci\u00f3n de Empresas, Evaluaci\u00f3n de Proyectos.<\/p>\n<p><strong>Languages:<\/strong>\u00a0Espa\u00f1ol e ingl\u00e9s.<\/p>\n\r\n\t\t\t<\/div>\r\n\t\t\t<style>@media screen and (max-width: 1023px) {.thegem-vc-text.thegem-custom-69fb1cce74b3c3766{display: block!important;}}@media screen and (max-width: 767px) {.thegem-vc-text.thegem-custom-69fb1cce74b3c3766{display: block!important;}}@media screen and (max-width: 1023px) {.thegem-vc-text.thegem-custom-69fb1cce74b3c3766{position: relative !important;}}@media screen and (max-width: 767px) {.thegem-vc-text.thegem-custom-69fb1cce74b3c3766{position: relative !important;}}<\/style>\r\n\t\t<\/div>\r\n\t\r\n<\/div><\/div><\/div><\/div>\n<\/div>","protected":false},"excerpt":{"rendered":"","protected":false},"author":1,"featured_media":0,"parent":0,"menu_order":0,"comment_status":"closed","ping_status":"closed","template":"","meta":[],"_links":{"self":[{"href":"https:\/\/arosemenaburbanoyasociados.com\/en\/wp-json\/wp\/v2\/pages\/30873"}],"collection":[{"href":"https:\/\/arosemenaburbanoyasociados.com\/en\/wp-json\/wp\/v2\/pages"}],"about":[{"href":"https:\/\/arosemenaburbanoyasociados.com\/en\/wp-json\/wp\/v2\/types\/page"}],"author":[{"embeddable":true,"href":"https:\/\/arosemenaburbanoyasociados.com\/en\/wp-json\/wp\/v2\/users\/1"}],"replies":[{"embeddable":true,"href":"https:\/\/arosemenaburbanoyasociados.com\/en\/wp-json\/wp\/v2\/comments?post=30873"}],"version-history":[{"count":3,"href":"https:\/\/arosemenaburbanoyasociados.com\/en\/wp-json\/wp\/v2\/pages\/30873\/revisions"}],"predecessor-version":[{"id":30881,"href":"https:\/\/arosemenaburbanoyasociados.com\/en\/wp-json\/wp\/v2\/pages\/30873\/revisions\/30881"}],"wp:attachment":[{"href":"https:\/\/arosemenaburbanoyasociados.com\/en\/wp-json\/wp\/v2\/media?parent=30873"}],"curies":[{"name":"wp","href":"https:\/\/api.w.org\/{rel}","templated":true}]}}